{"id":52158,"date":"2025-09-06T12:31:08","date_gmt":"2025-09-06T12:31:08","guid":{"rendered":"https:\/\/www.alfa.web.tr\/petoil\/?page_id=52158"},"modified":"2026-01-21T08:40:58","modified_gmt":"2026-01-21T08:40:58","slug":"grup-sirketleri","status":"publish","type":"page","link":"https:\/\/www.petoil.com.tr\/en\/grup-sirketleri\/","title":{"rendered":"Group Companies"},"content":{"rendered":"\t\t<div data-elementor-type=\"wp-page\" data-elementor-id=\"52158\" class=\"elementor elementor-52158\">\n\t\t\t\t<div class=\"elementor-element elementor-element-3661c9bd e-flex e-con-boxed e-con e-parent\" data-id=\"3661c9bd\" data-element_type=\"container\">\n\t\t\t\t\t<div class=\"e-con-inner\">\n\t\t\t\t<div class=\"elementor-element elementor-element-2e56fd11 elementor-widget elementor-widget-text-editor\" data-id=\"2e56fd11\" data-element_type=\"widget\" data-widget_type=\"text-editor.default\">\n\t\t\t\t<div class=\"elementor-widget-container\">\n\t\t\t\t\t\t\t\t\t<div class=\"elementor-element elementor-element-dea5c7c e-flex e-con-boxed e-con e-parent e-lazyloaded\" data-id=\"dea5c7c\" data-element_type=\"container\"><div class=\"e-con-inner\"><div class=\"elementor-element elementor-element-6c0e7c5 e-con-full e-flex e-con e-child\" data-id=\"6c0e7c5\" data-element_type=\"container\"><div class=\"elementor-element elementor-element-d38a718 elementor-widget elementor-widget-text-editor\" data-id=\"d38a718\" data-element_type=\"widget\" data-widget_type=\"text-editor.default\"><div class=\"elementor-widget-container\"><p>We have been continuing our work in the fields of trade, construction, petroleum and mining production through our subsidiaries since our establishment, building trust with diligence, experience and accumulated knowledge, and carrying out various projects in different regions of the world. Pet Group Companies are currently operating with great courage and success in many regions, establishing partnerships from all over the world, expanding the scale of activities and areas of operation with each passing year.<\/p><\/div><\/div><\/div><div class=\"elementor-element elementor-element-a5afa02 e-con-full e-flex e-con e-child\" data-id=\"a5afa02\" data-element_type=\"container\"><\/div><\/div><\/div><div class=\"elementor-element elementor-element-79c65fe e-flex e-con-boxed e-con e-parent e-lazyloaded\" data-id=\"79c65fe\" data-element_type=\"container\"><div class=\"e-con-inner\"><div class=\"elementor-element elementor-element-7841595 e-con-full e-flex e-con e-child\" data-id=\"7841595\" data-element_type=\"container\"><div class=\"elementor-element elementor-element-d6c585b elementor-widget elementor-widget-text-editor\" data-id=\"d6c585b\" data-element_type=\"widget\" data-widget_type=\"text-editor.default\"><div class=\"elementor-widget-container\"><p><img decoding=\"async\" src=\"https:\/\/www.alfa.web.tr\/petholding\/wp-content\/uploads\/2022\/08\/LOGO-300x102.webp\" alt=\"\" width=\"300\" height=\"102\" class=\"alignnone wp-image-52669 size-medium\" srcset=\"https:\/\/www.petholding.com.tr\/wp-content\/uploads\/2022\/08\/LOGO-300x102.webp 300w, https:\/\/www.petholding.com.tr\/wp-content\/uploads\/2022\/08\/LOGO-1024x348.webp 1024w, https:\/\/www.petholding.com.tr\/wp-content\/uploads\/2022\/08\/LOGO-768x261.webp 768w, https:\/\/www.petholding.com.tr\/wp-content\/uploads\/2022\/08\/LOGO-1536x522.webp 1536w, https:\/\/www.petholding.com.tr\/wp-content\/uploads\/2022\/08\/LOGO-2048x696.webp 2048w\" sizes=\"(max-width: 300px) 100vw, 300px\" \/><\/p><p><em>Pet Holding was established in Ankara in 1974 by Prof. Dr. G\u00fcntekin K\u00f6ksal under the name Pet Ticaret B\u00fcrosu. Taking its name from the first three letters of the word \u2018petroleum,\u2019 Pet Holding completed successful projects in various fields such as oil exploration and production, mining, construction, and tourism in many different regions of the world since its establishment. Our company, which has numerous national and international partnerships, has worked and continues to work in Turkey, the Middle East, Central Asia, Europe and Africa, establishing partnerships across all seven continents. With its international culture, business ethics, honesty, commitment to the win-win principle and its value placed on people, Pet Holding has become one of the most respected companies in Turkey and the world. Pet Holding is a pioneering organisation that is not afraid to be the first and to take risks.<\/em><\/p><\/div><\/div><\/div><div class=\"elementor-element elementor-element-e743dc4 e-con-full e-flex e-con e-child\" data-id=\"e743dc4\" data-element_type=\"container\"><\/div><\/div><\/div><div class=\"elementor-element elementor-element-3df00b4 e-flex e-con-boxed e-con e-parent e-lazyloaded\" data-id=\"3df00b4\" data-element_type=\"container\"><div class=\"e-con-inner\"><div class=\"elementor-element elementor-element-e28be19 e-con-full e-flex e-con e-child\" data-id=\"e28be19\" data-element_type=\"container\"><div class=\"elementor-element elementor-element-22fe650 elementor-widget elementor-widget-text-editor\" data-id=\"22fe650\" data-element_type=\"widget\" data-widget_type=\"text-editor.default\"><div class=\"elementor-widget-container\"><p><img decoding=\"async\" src=\"https:\/\/www.alfa.web.tr\/petoil\/en\/wp-content\/uploads\/2026\/01\/logo-1-copy-300x107.webp\" alt=\"\" width=\"300\" height=\"107\" class=\"alignnone size-medium wp-image-52644\" srcset=\"https:\/\/www.petoil.com.tr\/en\/wp-content\/uploads\/2026\/01\/logo-1-copy-300x107.webp 300w, https:\/\/www.petoil.com.tr\/en\/wp-content\/uploads\/2026\/01\/logo-1-copy-768x273.webp 768w, https:\/\/www.petoil.com.tr\/en\/wp-content\/uploads\/2026\/01\/logo-1-copy.webp 844w\" sizes=\"(max-width: 300px) 100vw, 300px\" \/><\/p><p><em>Petoil, whose main field of activity is oil exploration and production, has been operating since 1990, acquiring oil fields in Turkey, the United States, Kazakhstan, Azerbaijan, Northern Iraq and Yemen. The company carries out operations in a wide variety of regions across Africa, the Middle East, Central Asia and the Arabian Peninsula.<\/em><\/p><\/div><\/div><\/div><div class=\"elementor-element elementor-element-2e92833 e-con-full e-flex e-con e-child\" data-id=\"2e92833\" data-element_type=\"container\"><\/div><\/div><\/div><div class=\"elementor-element elementor-element-6810baa e-flex e-con-boxed e-con e-parent e-lazyloaded\" data-id=\"6810baa\" data-element_type=\"container\"><div class=\"e-con-inner\"><div class=\"elementor-element elementor-element-e675879 e-con-full e-flex e-con e-child\" data-id=\"e675879\" data-element_type=\"container\"><div class=\"elementor-element elementor-element-2e974b6 elementor-widget elementor-widget-text-editor\" data-id=\"2e974b6\" data-element_type=\"widget\" data-widget_type=\"text-editor.default\"><div class=\"elementor-widget-container\"><p><img loading=\"lazy\" loading=\"lazy\" decoding=\"async\" src=\"https:\/\/www.alfa.web.tr\/petholding\/wp-content\/uploads\/2024\/10\/grup-3-300x104-2.webp\" alt=\"\" width=\"300\" height=\"104\" class=\"alignnone wp-image-52705 size-full\" \/><\/p><p>Established in 1989, Petkontur holds the distinction of being the first Turkish company that operated in Siberia, having undertaken the construction of the 500-bed Novokuznetsk General Surgical Hospital on a turnkey basis. Primarily in the CIS and Germany, Petkontur has undertaken turnkey projects ranging from the design phase to the construction of healthcare facilities (hospitals, polyclinics, dialysis centres, treatment centres), industrial facilities (leather, leather clothing, bread factory, nut processing factories), residential complexes, neighbourhoods, restoration and renovation of historic buildings, holiday sites (Petya Holiday Site) and technological constructions.<\/p><p>It has developed projects in the Mediterranean and Aegean regions and has worked on land development and construction. It is carrying out development projects on a wide variety of plots in many different regions of Turkey.<\/p><\/div><\/div><\/div><div class=\"elementor-element elementor-element-4a7213a e-con-full e-flex e-con e-child\" data-id=\"4a7213a\" data-element_type=\"container\"><\/div><\/div><\/div><div class=\"elementor-element elementor-element-4562dc0 e-flex e-con-boxed e-con e-parent e-lazyloaded\" data-id=\"4562dc0\" data-element_type=\"container\"><div class=\"e-con-inner\"><div class=\"elementor-element elementor-element-ce505b5 e-con-full e-flex e-con e-child\" data-id=\"ce505b5\" data-element_type=\"container\"><div class=\"elementor-element elementor-element-3ece0dc elementor-widget elementor-widget-text-editor\" data-id=\"3ece0dc\" data-element_type=\"widget\" data-widget_type=\"text-editor.default\"><div class=\"elementor-widget-container\"><p><img loading=\"lazy\" loading=\"lazy\" decoding=\"async\" src=\"https:\/\/www.alfa.web.tr\/petholding\/wp-content\/uploads\/2025\/01\/grup4-kopya-300x104.webp\" alt=\"\" width=\"300\" height=\"104\" class=\"alignnone wp-image-53309 size-medium\" srcset=\"https:\/\/www.petholding.com.tr\/wp-content\/uploads\/2025\/01\/grup4-kopya-300x104.webp 300w, https:\/\/www.petholding.com.tr\/wp-content\/uploads\/2025\/01\/grup4-kopya.webp 350w\" sizes=\"auto, (max-width: 300px) 100vw, 300px\" \/><\/p><p>Merks Investments Limited, established in 2023, commenced operations to invest in the United Kingdom<\/p><\/div><\/div><\/div><\/div><\/div>\t\t\t\t\t\t\t\t<\/div>\n\t\t\t\t<\/div>\n\t\t\t\t\t<\/div>\n\t\t\t\t<\/div>\n\t\t\t\t<\/div>\n\t\t","protected":false},"excerpt":{"rendered":"<p>We have been continuing our work in the fields of trade, construction, petroleum and mining production through our subsidiaries since&#8230;<\/p>\n","protected":false},"author":1,"featured_media":0,"parent":0,"menu_order":0,"comment_status":"closed","ping_status":"closed","template":"","meta":{"footnotes":""},"class_list":["post-52158","page","type-page","status-publish","hentry"],"_links":{"self":[{"href":"https:\/\/www.petoil.com.tr\/en\/wp-json\/wp\/v2\/pages\/52158","targetHints":{"allow":["GET"]}}],"collection":[{"href":"https:\/\/www.petoil.com.tr\/en\/wp-json\/wp\/v2\/pages"}],"about":[{"href":"https:\/\/www.petoil.com.tr\/en\/wp-json\/wp\/v2\/types\/page"}],"author":[{"embeddable":true,"href":"https:\/\/www.petoil.com.tr\/en\/wp-json\/wp\/v2\/users\/1"}],"replies":[{"embeddable":true,"href":"https:\/\/www.petoil.com.tr\/en\/wp-json\/wp\/v2\/comments?post=52158"}],"version-history":[{"count":10,"href":"https:\/\/www.petoil.com.tr\/en\/wp-json\/wp\/v2\/pages\/52158\/revisions"}],"predecessor-version":[{"id":52647,"href":"https:\/\/www.petoil.com.tr\/en\/wp-json\/wp\/v2\/pages\/52158\/revisions\/52647"}],"wp:attachment":[{"href":"https:\/\/www.petoil.com.tr\/en\/wp-json\/wp\/v2\/media?parent=52158"}],"curies":[{"name":"wp","href":"https:\/\/api.w.org\/{rel}","templated":true}]}}