{"id":51759,"date":"2024-10-17T11:48:24","date_gmt":"2024-10-17T11:48:24","guid":{"rendered":"https:\/\/www.alfa.web.tr\/petoil\/?page_id=51759"},"modified":"2026-01-21T08:47:42","modified_gmt":"2026-01-21T08:47:42","slug":"kurumsal-sosyal-sorumluluk","status":"publish","type":"page","link":"https:\/\/www.petoil.com.tr\/en\/kurumsal\/kurumsal-sosyal-sorumluluk\/","title":{"rendered":"Corporate Social Responsibility"},"content":{"rendered":"\t\t<div data-elementor-type=\"wp-page\" data-elementor-id=\"51759\" class=\"elementor elementor-51759\">\n\t\t\t\t<div class=\"elementor-element elementor-element-c7da8d9 e-flex e-con-boxed e-con e-parent\" data-id=\"c7da8d9\" data-element_type=\"container\">\n\t\t\t\t\t<div class=\"e-con-inner\">\n\t\t\t\t<div class=\"elementor-element elementor-element-0308b5d elementor-widget elementor-widget-text-editor\" data-id=\"0308b5d\" data-element_type=\"widget\" data-widget_type=\"text-editor.default\">\n\t\t\t\t<div class=\"elementor-widget-container\">\n\t\t\t\t\t\t\t\t\t<p>In line with its pioneering culture, Petoil prioritises the implementation of a creative, innovative and collaborative environment. Our views on a better working environment extend beyond our own business environment and encourages us to strive to create better living conditions in the <span>regions where we operate.<\/span><\/p><p><span>\u00a0<\/span><span>As part of the Pet Holding Group of Companies, we are always conscious of our social responsibilities and contribute to the regions where we operate, particularly in the areas of education, health, culture, arts and the environment.<\/span><\/p><p><em><span>\u00a0<\/span><\/em><span>Some of the activities we undertake within the framework of Corporate Social Responsibility<\/span><\/p><p>include:<\/p><ul><li>2023 &#8211; Food aid provided to 134 families in Sulaymaniyah; a village nurse&#8217;s salary paid; water continued to be transported to a village without water; monthly fees for a service bus to be used for transportation education continued to be paid.<\/li><li>2022 &#8211; Food aid provided to 107 families in Sulaymaniyah; waterways cleaned; new waterways opened; monthly fees for a service bus used for transportation to school paid; tree planting continued; water transported to a village without water. Operating costs for the water project funded.<\/li><li>2021- Food aid provided to 109 families in S\u00fcleymaniye, school clothing aid provided to 60 students; tree planting and maintenance continued uninterrupted. The project that began to be financed in 2017 completed; water supply to 5 villages initiated in its first phase.<\/li><li>2020 &#8211; Thousands of planted trees maintained.<\/li><li>2019 &#8211; Tree planting and maintenance continued; vocational training for the local community continued.<\/li><li>2018 &#8211; School assistance provided to orphans in Sulaymaniyah; Ramadan assistance provided to 110 families; tree planting and maintenance continued; vocational training provided to local community.<\/li><li>2017 &#8211; A project to bring water to a large area in Sulaymaniyah via a pipeline started to be financed; thousands of trees planted and all trees planted in previous years maintained; food aid provided to 150 families; supplies provided to a local school; funding provided to a sports center.<\/li><li>2016 \u2013 Electricity brought to two villages in Sulaymaniyah; hundreds of trees planted.<\/li><li>2011 \u2013 Sponsorship of Zeynep Tanbay\u2019s \u2018Modern Dance Show\u2019.<\/li><li>2010 \u2013 Sponsored P\u0131nar K\u00f6ksal\u2019s \u2018Love Symphony\u2019<\/li><li>2007 \u2013 Financial assistance provided to victims of a terrorist attack that claimed the lives <span>of 500 <\/span><\/li><li>2007 \u2013 Stationery, clothing and fuel aid provided to a school in the Erbil<\/li><li>2006 \u2013 Clothing assistance provided to students at a school near<\/li><li>2006 \u2013 Renovated a primary school in rural<\/li><li>2006 \u2013 Stationery and educational supplies donated to four primary schools in rural<\/li><li><span>2005 \u2013 Through the Ministry of Education, clothing assistance was provided to 100 primary school students in Sulaymaniyah.<\/span><\/li><li>2004 \u2013 Clothing assistance provided to the Kemal Salim Sports Club Football, Basketball,<\/li><\/ul><p>Volleyball and Table Tennis teams.<\/p><ul><li>2003 \u2013 Furnished a room at Cemi Rezan State<\/li><li><span>2003 \u2013 Through the Ministry of Education, clothing assistance was provided to 100 primary school students in S\u00fcleymaniye.<\/span><\/li><\/ul>\t\t\t\t\t\t\t\t<\/div>\n\t\t\t\t<\/div>\n\t\t\t\t\t<\/div>\n\t\t\t\t<\/div>\n\t\t<div class=\"elementor-element elementor-element-c32c4e7 e-flex e-con-boxed e-con e-parent\" data-id=\"c32c4e7\" data-element_type=\"container\">\n\t\t\t\t\t<div class=\"e-con-inner\">\n\t\t\t\t\t<\/div>\n\t\t\t\t<\/div>\n\t\t<div class=\"elementor-element elementor-element-9310e99 elementor-hidden-desktop elementor-hidden-tablet elementor-hidden-mobile e-flex e-con-boxed e-con e-parent\" data-id=\"9310e99\" data-element_type=\"container\">\n\t\t\t\t\t<div class=\"e-con-inner\">\n\t\t\t\t<div class=\"elementor-element elementor-element-1a431f2 elementor-widget elementor-widget-ucaddon_uc_icon_accordion\" data-id=\"1a431f2\" data-element_type=\"widget\" data-widget_type=\"ucaddon_uc_icon_accordion.default\">\n\t\t\t\t<div class=\"elementor-widget-container\">\n\t\t\t\t\t\n<!-- start Icon Accordion -->\n\t\t<link id='font-awesome-css' href='https:\/\/www.petoil.com.tr\/en\/wp-content\/plugins\/unlimited-elements-for-elementor-premium\/assets_libraries\/font-awesome6\/fontawesome-all.min.css' type='text\/css' rel='stylesheet' >\n\t\t<link id='font-awesome-4-shim-css' href='https:\/\/www.petoil.com.tr\/en\/wp-content\/plugins\/unlimited-elements-for-elementor-premium\/assets_libraries\/font-awesome6\/fontawesome-v4-shims.min.css' type='text\/css' rel='stylesheet' >\n\n<style>\/* widget: Icon Accordion *\/\n\n#uc_uc_icon_accordion_elementor_1a431f2 *{\n\tbox-sizing: border-box;\n}\n#uc_uc_icon_accordion_elementor_1a431f2 .uc_container .uc-heading\n{\n\tcursor:pointer;\n    display:flex;\n    align-items:center;\n    transition:0.3s;\n}\n#uc_uc_icon_accordion_elementor_1a431f2 .uc_container .uc-heading span.bbb\n{\n\tdisplay:block;\n\t\n}\n#uc_uc_icon_accordion_elementor_1a431f2 .uc_ac_box.uc-item-active span.uc_dactive\n{\n\tdisplay:none;\n}\n#uc_uc_icon_accordion_elementor_1a431f2 .uc_ac_box:not(.uc-item-active) span.uc_active\n{\n\tdisplay:none;\n}\n\n#uc_uc_icon_accordion_elementor_1a431f2 .ue_icon_holder,\n#uc_uc_icon_accordion_elementor_1a431f2 .ue_icon_spacing\n{\n  flex-grow:0;\n  flex-shrink:0; \n}\n#uc_uc_icon_accordion_elementor_1a431f2 .uc_content{\n\tdisplay: none;\n}\n#uc_uc_icon_accordion_elementor_1a431f2 .ue_icon\n{\n  display:flex;\n  justify-content:center;\n  align-items:center;\n  line-height:1em;\n  transition:0.3s;\n}\n\n#uc_uc_icon_accordion_elementor_1a431f2 .ue_icon svg\n{\n  height:1em;\n  width:1em;\n}\n\n#uc_uc_icon_accordion_elementor_1a431f2 .ue_expand_inside\n{\n  display:flex;\n  justify-content:center;\n  align-items:center;\n  line-height:1em;\n}\n\n#uc_uc_icon_accordion_elementor_1a431f2 .ue_expand_inside svg\n{\n  height:1em;\n  width:1em;\n}\n\n#uc_uc_icon_accordion_elementor_1a431f2 .ue_expand,\n#uc_uc_icon_accordion_elementor_1a431f2 .ue_expand_spacing\n{\n  flex-grow:0;\n  flex-shrink:0;\n}\n\n#uc_uc_icon_accordion_elementor_1a431f2 .ue_title\n{\n  flex-grow:1;\n}\n\n#uc_uc_icon_accordion_elementor_1a431f2 .uc_ac_box:last-child\n{\n  margin-bottom:0px;\n}\n\n#uc_uc_icon_accordion_elementor_1a431f2 .uc_ac_box\n{\n  overflow:hidden;\n}\n#uc_uc_icon_accordion_elementor_1a431f2_item1 .ue_icon\n{\n  background-color:;\n}\n\n#uc_uc_icon_accordion_elementor_1a431f2_item1 .uc-heading\n{\n  background-color:;\n}\n#uc_uc_icon_accordion_elementor_1a431f2_item2 .ue_icon\n{\n  background-color:;\n}\n\n#uc_uc_icon_accordion_elementor_1a431f2_item2 .uc-heading\n{\n  background-color:;\n}\n#uc_uc_icon_accordion_elementor_1a431f2_item3 .ue_icon\n{\n  background-color:;\n}\n\n#uc_uc_icon_accordion_elementor_1a431f2_item3 .uc-heading\n{\n  background-color:;\n}\n#uc_uc_icon_accordion_elementor_1a431f2_item4 .ue_icon\n{\n  background-color:;\n}\n\n#uc_uc_icon_accordion_elementor_1a431f2_item4 .uc-heading\n{\n  background-color:;\n}\n#uc_uc_icon_accordion_elementor_1a431f2_item5 .ue_icon\n{\n  background-color:;\n}\n\n#uc_uc_icon_accordion_elementor_1a431f2_item5 .uc-heading\n{\n  background-color:;\n}\n#uc_uc_icon_accordion_elementor_1a431f2_item6 .ue_icon\n{\n  background-color:;\n}\n\n#uc_uc_icon_accordion_elementor_1a431f2_item6 .uc-heading\n{\n  background-color:;\n}\n#uc_uc_icon_accordion_elementor_1a431f2_item7 .ue_icon\n{\n  background-color:;\n}\n\n#uc_uc_icon_accordion_elementor_1a431f2_item7 .uc-heading\n{\n  background-color:;\n}\n#uc_uc_icon_accordion_elementor_1a431f2_item8 .ue_icon\n{\n  background-color:;\n}\n\n#uc_uc_icon_accordion_elementor_1a431f2_item8 .uc-heading\n{\n  background-color:;\n}\n#uc_uc_icon_accordion_elementor_1a431f2_item9 .ue_icon\n{\n  background-color:;\n}\n\n#uc_uc_icon_accordion_elementor_1a431f2_item9 .uc-heading\n{\n  background-color:;\n}\n#uc_uc_icon_accordion_elementor_1a431f2_item10 .ue_icon\n{\n  background-color:;\n}\n\n#uc_uc_icon_accordion_elementor_1a431f2_item10 .uc-heading\n{\n  background-color:;\n}\n#uc_uc_icon_accordion_elementor_1a431f2_item11 .ue_icon\n{\n  background-color:;\n}\n\n#uc_uc_icon_accordion_elementor_1a431f2_item11 .uc-heading\n{\n  background-color:;\n}\n\n\n<\/style>\n\n<div class=\"uc_material_accordion \" id=\"uc_uc_icon_accordion_elementor_1a431f2\" data-name=\"\" data-closeothers=\"true\" >\n    \t<div class=\"uc_container\">\n            \n\n<div id=\"uc_uc_icon_accordion_elementor_1a431f2_item1\" class=\"uc_ac_box  elementor-repeater-item-d13dd0f\">\n  <div class=\"uc-heading uc_trigger\">\n    \n        <div class=\"ue_icon_holder\">\n      <div class=\"ue_icon\"><i class='lnr lnr-icon-chevron-right'><\/i><\/div>\n    <\/div>\n    <div class=\"ue_icon_spacing\"><\/div>\n        \n    <div class=\"ue_title\">2011 - Zeynep Tanbay'\u0131n 'Modern Dans G\u00f6sterisi'ne sponsor olundu.<\/div>\n    \n    \n        <div class=\"ue_expand_spacing\"><\/div>\n    <div class=\"ue_expand\">\n      <div class=\"ue_expand_inside\">\n      <span class=\"uc_dactive bbb ue_accordion_icon\" ><i class='fas fa-plus'><\/i><\/span>\n      <span class=\"uc_active bbb ue_accordion_icon\"><i class='fas fa-minus'><\/i><\/span>\n      <\/div>\n    <\/div>\n        \n  <\/div>\n  <!-- end of heading -->\n  \n  \n  <div class=\"uc_content\" >\n          \n     \n    \n     \n    \n  <\/div>\n<\/div>\n\n\n<div id=\"uc_uc_icon_accordion_elementor_1a431f2_item2\" class=\"uc_ac_box  elementor-repeater-item-6179864\">\n  <div class=\"uc-heading uc_trigger\">\n    \n        <div class=\"ue_icon_holder\">\n      <div class=\"ue_icon\"><i class='lnr lnr-icon-chevron-right'><\/i><\/div>\n    <\/div>\n    <div class=\"ue_icon_spacing\"><\/div>\n        \n    <div class=\"ue_title\">2010 - P\u0131nar K\u00f6ksal'\u0131n 'A\u015fk Senfonisi' konserine sponsor olundu.<\/div>\n    \n    \n        <div class=\"ue_expand_spacing\"><\/div>\n    <div class=\"ue_expand\">\n      <div class=\"ue_expand_inside\">\n      <span class=\"uc_dactive bbb ue_accordion_icon\" ><i class='fas fa-plus'><\/i><\/span>\n      <span class=\"uc_active bbb ue_accordion_icon\"><i class='fas fa-minus'><\/i><\/span>\n      <\/div>\n    <\/div>\n        \n  <\/div>\n  <!-- end of heading -->\n  \n  \n  <div class=\"uc_content\" >\n          \n     \n    \n     \n    \n  <\/div>\n<\/div>\n\n\n<div id=\"uc_uc_icon_accordion_elementor_1a431f2_item3\" class=\"uc_ac_box  elementor-repeater-item-22b7fde\">\n  <div class=\"uc-heading uc_trigger\">\n    \n        <div class=\"ue_icon_holder\">\n      <div class=\"ue_icon\"><i class='lnr lnr-icon-chevron-right'><\/i><\/div>\n    <\/div>\n    <div class=\"ue_icon_spacing\"><\/div>\n        \n    <div class=\"ue_title\">2007 - 500 ki\u015finin hayat\u0131n\u0131 kaybetti\u011fi bir ter\u00f6r sald\u0131r\u0131s\u0131nda ma\u011fdur olanlara, para yard\u0131m\u0131 yap\u0131ld\u0131.<\/div>\n    \n    \n        <div class=\"ue_expand_spacing\"><\/div>\n    <div class=\"ue_expand\">\n      <div class=\"ue_expand_inside\">\n      <span class=\"uc_dactive bbb ue_accordion_icon\" ><i class='fas fa-plus'><\/i><\/span>\n      <span class=\"uc_active bbb ue_accordion_icon\"><i class='fas fa-minus'><\/i><\/span>\n      <\/div>\n    <\/div>\n        \n  <\/div>\n  <!-- end of heading -->\n  \n  \n  <div class=\"uc_content\" >\n          \n     \n    \n     \n    \n  <\/div>\n<\/div>\n\n\n<div id=\"uc_uc_icon_accordion_elementor_1a431f2_item4\" class=\"uc_ac_box  elementor-repeater-item-56a102f\">\n  <div class=\"uc-heading uc_trigger\">\n    \n        <div class=\"ue_icon_holder\">\n      <div class=\"ue_icon\"><i class='lnr lnr-icon-chevron-right'><\/i><\/div>\n    <\/div>\n    <div class=\"ue_icon_spacing\"><\/div>\n        \n    <div class=\"ue_title\">2007 - Erbil \u00e7evresindeki bir okula k\u0131rtasiye, giyim ve yakacak yard\u0131m\u0131 yap\u0131ld\u0131.<\/div>\n    \n    \n        <div class=\"ue_expand_spacing\"><\/div>\n    <div class=\"ue_expand\">\n      <div class=\"ue_expand_inside\">\n      <span class=\"uc_dactive bbb ue_accordion_icon\" ><i class='fas fa-plus'><\/i><\/span>\n      <span class=\"uc_active bbb ue_accordion_icon\"><i class='fas fa-minus'><\/i><\/span>\n      <\/div>\n    <\/div>\n        \n  <\/div>\n  <!-- end of heading -->\n  \n  \n  <div class=\"uc_content\" >\n          \n     \n    \n     \n    \n  <\/div>\n<\/div>\n\n\n<div id=\"uc_uc_icon_accordion_elementor_1a431f2_item5\" class=\"uc_ac_box  elementor-repeater-item-1ff7eec\">\n  <div class=\"uc-heading uc_trigger\">\n    \n        <div class=\"ue_icon_holder\">\n      <div class=\"ue_icon\"><i class='lnr lnr-icon-chevron-right'><\/i><\/div>\n    <\/div>\n    <div class=\"ue_icon_spacing\"><\/div>\n        \n    <div class=\"ue_title\">2006 - Erbil yak\u0131nlar\u0131ndaki bir okulun \u00f6\u011frencilerine k\u0131yafet yard\u0131m\u0131 yap\u0131ld\u0131.<\/div>\n    \n    \n        <div class=\"ue_expand_spacing\"><\/div>\n    <div class=\"ue_expand\">\n      <div class=\"ue_expand_inside\">\n      <span class=\"uc_dactive bbb ue_accordion_icon\" ><i class='fas fa-plus'><\/i><\/span>\n      <span class=\"uc_active bbb ue_accordion_icon\"><i class='fas fa-minus'><\/i><\/span>\n      <\/div>\n    <\/div>\n        \n  <\/div>\n  <!-- end of heading -->\n  \n  \n  <div class=\"uc_content\" >\n          \n     \n    \n     \n    \n  <\/div>\n<\/div>\n\n\n<div id=\"uc_uc_icon_accordion_elementor_1a431f2_item6\" class=\"uc_ac_box  elementor-repeater-item-a6f3685\">\n  <div class=\"uc-heading uc_trigger\">\n    \n        <div class=\"ue_icon_holder\">\n      <div class=\"ue_icon\"><i class='lnr lnr-icon-chevron-right'><\/i><\/div>\n    <\/div>\n    <div class=\"ue_icon_spacing\"><\/div>\n        \n    <div class=\"ue_title\">2006 - Erbil k\u0131rsal\u0131ndaki bir ilkokul yenilendi.<\/div>\n    \n    \n        <div class=\"ue_expand_spacing\"><\/div>\n    <div class=\"ue_expand\">\n      <div class=\"ue_expand_inside\">\n      <span class=\"uc_dactive bbb ue_accordion_icon\" ><i class='fas fa-plus'><\/i><\/span>\n      <span class=\"uc_active bbb ue_accordion_icon\"><i class='fas fa-minus'><\/i><\/span>\n      <\/div>\n    <\/div>\n        \n  <\/div>\n  <!-- end of heading -->\n  \n  \n  <div class=\"uc_content\" >\n          \n     \n    \n     \n    \n  <\/div>\n<\/div>\n\n\n<div id=\"uc_uc_icon_accordion_elementor_1a431f2_item7\" class=\"uc_ac_box  elementor-repeater-item-ed62ace\">\n  <div class=\"uc-heading uc_trigger\">\n    \n        <div class=\"ue_icon_holder\">\n      <div class=\"ue_icon\"><i class='lnr lnr-icon-chevron-right'><\/i><\/div>\n    <\/div>\n    <div class=\"ue_icon_spacing\"><\/div>\n        \n    <div class=\"ue_title\">2006 - Erbil k\u0131rsal\u0131ndaki 4 ilkokula kirtasiye ve e\u011fitim malzemesi yard\u0131m\u0131 yap\u0131ld\u0131.<\/div>\n    \n    \n        <div class=\"ue_expand_spacing\"><\/div>\n    <div class=\"ue_expand\">\n      <div class=\"ue_expand_inside\">\n      <span class=\"uc_dactive bbb ue_accordion_icon\" ><i class='fas fa-plus'><\/i><\/span>\n      <span class=\"uc_active bbb ue_accordion_icon\"><i class='fas fa-minus'><\/i><\/span>\n      <\/div>\n    <\/div>\n        \n  <\/div>\n  <!-- end of heading -->\n  \n  \n  <div class=\"uc_content\" >\n          \n     \n    \n     \n    \n  <\/div>\n<\/div>\n\n\n<div id=\"uc_uc_icon_accordion_elementor_1a431f2_item8\" class=\"uc_ac_box  elementor-repeater-item-ffe3b7e\">\n  <div class=\"uc-heading uc_trigger\">\n    \n        <div class=\"ue_icon_holder\">\n      <div class=\"ue_icon\"><i class='lnr lnr-icon-chevron-right'><\/i><\/div>\n    <\/div>\n    <div class=\"ue_icon_spacing\"><\/div>\n        \n    <div class=\"ue_title\">2005 - E\u011fitim Bakanl\u0131\u011f\u0131 arac\u0131l\u0131\u011f\u0131yla, S\u00fcleymaniye'de 100 ilkokul \u00f6\u011frencisine k\u0131yafet yard\u0131m\u0131 yap\u0131ld\u0131.<\/div>\n    \n    \n        <div class=\"ue_expand_spacing\"><\/div>\n    <div class=\"ue_expand\">\n      <div class=\"ue_expand_inside\">\n      <span class=\"uc_dactive bbb ue_accordion_icon\" ><i class='fas fa-plus'><\/i><\/span>\n      <span class=\"uc_active bbb ue_accordion_icon\"><i class='fas fa-minus'><\/i><\/span>\n      <\/div>\n    <\/div>\n        \n  <\/div>\n  <!-- end of heading -->\n  \n  \n  <div class=\"uc_content\" >\n          \n     \n    \n     \n    \n  <\/div>\n<\/div>\n\n\n<div id=\"uc_uc_icon_accordion_elementor_1a431f2_item9\" class=\"uc_ac_box  elementor-repeater-item-82a3c92\">\n  <div class=\"uc-heading uc_trigger\">\n    \n        <div class=\"ue_icon_holder\">\n      <div class=\"ue_icon\"><i class='lnr lnr-icon-chevron-right'><\/i><\/div>\n    <\/div>\n    <div class=\"ue_icon_spacing\"><\/div>\n        \n    <div class=\"ue_title\">2004 - Kemal Salim Spor Kulub\u00fc Futbol, Basketbol, Voleybol ve Masa Tenisi tak\u0131mlar\u0131na k\u0131yafet yard\u0131m\u0131 yap\u0131ld\u0131.<\/div>\n    \n    \n        <div class=\"ue_expand_spacing\"><\/div>\n    <div class=\"ue_expand\">\n      <div class=\"ue_expand_inside\">\n      <span class=\"uc_dactive bbb ue_accordion_icon\" ><i class='fas fa-plus'><\/i><\/span>\n      <span class=\"uc_active bbb ue_accordion_icon\"><i class='fas fa-minus'><\/i><\/span>\n      <\/div>\n    <\/div>\n        \n  <\/div>\n  <!-- end of heading -->\n  \n  \n  <div class=\"uc_content\" >\n          \n     \n    \n     \n    \n  <\/div>\n<\/div>\n\n\n<div id=\"uc_uc_icon_accordion_elementor_1a431f2_item10\" class=\"uc_ac_box  elementor-repeater-item-fe89cf0\">\n  <div class=\"uc-heading uc_trigger\">\n    \n        <div class=\"ue_icon_holder\">\n      <div class=\"ue_icon\"><i class='lnr lnr-icon-chevron-right'><\/i><\/div>\n    <\/div>\n    <div class=\"ue_icon_spacing\"><\/div>\n        \n    <div class=\"ue_title\">2003 - Cemi Rezan Devlet Hastanesi'nde bir oda tefri\u015f edildi.<\/div>\n    \n    \n        <div class=\"ue_expand_spacing\"><\/div>\n    <div class=\"ue_expand\">\n      <div class=\"ue_expand_inside\">\n      <span class=\"uc_dactive bbb ue_accordion_icon\" ><i class='fas fa-plus'><\/i><\/span>\n      <span class=\"uc_active bbb ue_accordion_icon\"><i class='fas fa-minus'><\/i><\/span>\n      <\/div>\n    <\/div>\n        \n  <\/div>\n  <!-- end of heading -->\n  \n  \n  <div class=\"uc_content\" >\n          \n     \n    \n     \n    \n  <\/div>\n<\/div>\n\n\n<div id=\"uc_uc_icon_accordion_elementor_1a431f2_item11\" class=\"uc_ac_box  elementor-repeater-item-7fc152d\">\n  <div class=\"uc-heading uc_trigger\">\n    \n        <div class=\"ue_icon_holder\">\n      <div class=\"ue_icon\"><i class='lnr lnr-icon-chevron-right'><\/i><\/div>\n    <\/div>\n    <div class=\"ue_icon_spacing\"><\/div>\n        \n    <div class=\"ue_title\">2003 - E\u011fitim Bakanl\u0131\u011f\u0131 arac\u0131l\u0131\u011f\u0131yla, S\u00fcleymaniye'de 100 ilkokul \u00f6\u011frencisine k\u0131yafet yard\u0131m\u0131 yap\u0131ld\u0131.<\/div>\n    \n    \n        <div class=\"ue_expand_spacing\"><\/div>\n    <div class=\"ue_expand\">\n      <div class=\"ue_expand_inside\">\n      <span class=\"uc_dactive bbb ue_accordion_icon\" ><i class='fas fa-plus'><\/i><\/span>\n      <span class=\"uc_active bbb ue_accordion_icon\"><i class='fas fa-minus'><\/i><\/span>\n      <\/div>\n    <\/div>\n        \n  <\/div>\n  <!-- end of heading -->\n  \n  \n  <div class=\"uc_content\" >\n          \n     \n    \n     \n    \n  <\/div>\n<\/div>\n\n        <\/div>\n<\/div>\n<!-- end Icon Accordion -->\t\t\t\t<\/div>\n\t\t\t\t<\/div>\n\t\t\t\t\t<\/div>\n\t\t\t\t<\/div>\n\t\t\t\t<\/div>\n\t\t","protected":false},"excerpt":{"rendered":"<p>In line with its pioneering culture, Petoil prioritises the implementation of a creative, innovative and collaborative environment. Our views on&#8230;<\/p>\n","protected":false},"author":1,"featured_media":0,"parent":50978,"menu_order":0,"comment_status":"closed","ping_status":"closed","template":"","meta":{"footnotes":""},"class_list":["post-51759","page","type-page","status-publish","hentry"],"_links":{"self":[{"href":"https:\/\/www.petoil.com.tr\/en\/wp-json\/wp\/v2\/pages\/51759","targetHints":{"allow":["GET"]}}],"collection":[{"href":"https:\/\/www.petoil.com.tr\/en\/wp-json\/wp\/v2\/pages"}],"about":[{"href":"https:\/\/www.petoil.com.tr\/en\/wp-json\/wp\/v2\/types\/page"}],"author":[{"embeddable":true,"href":"https:\/\/www.petoil.com.tr\/en\/wp-json\/wp\/v2\/users\/1"}],"replies":[{"embeddable":true,"href":"https:\/\/www.petoil.com.tr\/en\/wp-json\/wp\/v2\/comments?post=51759"}],"version-history":[{"count":28,"href":"https:\/\/www.petoil.com.tr\/en\/wp-json\/wp\/v2\/pages\/51759\/revisions"}],"predecessor-version":[{"id":52674,"href":"https:\/\/www.petoil.com.tr\/en\/wp-json\/wp\/v2\/pages\/51759\/revisions\/52674"}],"up":[{"embeddable":true,"href":"https:\/\/www.petoil.com.tr\/en\/wp-json\/wp\/v2\/pages\/50978"}],"wp:attachment":[{"href":"https:\/\/www.petoil.com.tr\/en\/wp-json\/wp\/v2\/media?parent=51759"}],"curies":[{"name":"wp","href":"https:\/\/api.w.org\/{rel}","templated":true}]}}